{"id":2436,"date":"2022-01-31T21:37:15","date_gmt":"2022-01-31T21:37:15","guid":{"rendered":"https:\/\/staging.analyzer.at\/note-legali\/"},"modified":"2025-12-12T08:22:00","modified_gmt":"2025-12-12T08:22:00","slug":"note-legali","status":"publish","type":"page","link":"https:\/\/analyzer.at\/it\/note-legali\/","title":{"rendered":"Informazioni legali"},"content":{"rendered":"\n<h4 class=\"wp-block-heading\">Ragione sociale:<br>AnalyzerPro KG<\/h4>\n\n\n\n<p>CEO:<br>Florian Kutschat<\/p>\n\n\n\n<p>Oggetto sociale:<br>Sviluppo e vendita di software<\/p>\n\n\n\n<p>Partita IVA:<br>ATU72981357<\/p>\n\n\n\n<p>Sede legale:<br>1190 Vienna<br>Indirizzo:<br>Pantzergasse 12\/23<br>1190 Vienna \u2013 Austria<\/p>\n\n\n\n<p>Dati di contatto:<br>Tel.: +43 664 8415352<br>team@analyzerpro.at<\/p>\n\n\n\n<p>Titolo professionale:<br>Sviluppo di software per la ricostruzione di incidenti<\/p>\n\n\n\n<h3 class=\"wp-block-heading\">Protezione dei dati<\/h3>\n\n\n\n<p>Gli operatori di questo sito web prendono molto sul serio la protezione dei vostri dati personali. Trattiamo i vostri dati con riservatezza e in conformit\u00e0 alle normative legali sulla protezione dei dati, nonch\u00e9 alla presente informativa sulla privacy. <\/p>\n\n\n\n<p>L&#8217;uso del nostro sito web \u00e8 generalmente possibile senza fornire dati personali. Se sulle nostre pagine vengono raccolti dati personali (come nome, indirizzo o indirizzo e-mail), ci\u00f2 avviene sempre su base volontaria, per quanto possibile. Questi dati non saranno trasmessi a terzi senza il vostro esplicito consenso.  <\/p>\n\n\n\n<p>Si prega di notare che la trasmissione di dati su Internet (ad esempio nella comunicazione via e-mail) pu\u00f2 presentare vulnerabilit\u00e0 di sicurezza. Non \u00e8 possibile garantire una protezione completa dei dati dall\u2019accesso da parte di terzi. <\/p>\n\n\n\n<h2 class=\"wp-block-heading\">Cookies<\/h2>\n\n\n\n<p>Questo sito web utilizza i cosiddetti &#8220;cookie&#8221; in alcune aree. I cookie non danneggiano il vostro computer e non contengono virus. Servono a rendere il nostro sito pi\u00f9 intuitivo, efficiente e sicuro. I cookie sono piccoli file di testo che vengono memorizzati sul vostro computer e salvati dal vostro browser.   <\/p>\n\n\n\n<p>La maggior parte dei cookie che utilizziamo sono &#8220;cookie di sessione&#8221;, che vengono eliminati automaticamente alla fine della vostra visita. Altri cookie rimangono memorizzati sul vostro dispositivo fino a quando non li eliminate. Questi cookie ci permettono di riconoscere il vostro browser alla visita successiva.   <\/p>\n\n\n\n<p>Potete configurare il vostro browser per essere informati sull&#8217;uso dei cookie, consentire i cookie solo in casi specifici, escluderne l&#8217;accettazione in determinati casi o in generale e attivare la cancellazione automatica dei cookie alla chiusura del browser. Se i cookie vengono disattivati, alcune funzionalit\u00e0 del sito potrebbero essere limitate. <\/p>\n\n\n\n<h2 class=\"wp-block-heading\">Modulo di contatto<\/h2>\n\n\n\n<p>Se ci inviate richieste tramite il modulo di contatto, le informazioni fornite nel modulo, inclusi i vostri dati di contatto, saranno memorizzate da noi per elaborare la richiesta e per eventuali domande successive. Questi dati non saranno condivisi senza il vostro consenso. <\/p>\n\n\n\n<h2 class=\"wp-block-heading\">Google Analytics<\/h2>\n\n\n\n<p>Questo sito web utilizza le funzionalit\u00e0 del servizio di analisi web Google Analytics. Il fornitore \u00e8 Google Inc., 1600 Amphitheatre Parkway, Mountain View, CA 94043, USA. <\/p>\n\n\n\n<p>Google Analytics utilizza i cosiddetti &#8220;cookie&#8221;, file di testo che vengono memorizzati sul vostro computer per consentire un&#8217;analisi del vostro utilizzo del sito web. Le informazioni generate dai cookie sull&#8217;uso del sito web vengono di norma trasmesse a un server di Google negli Stati Uniti, dove vengono archiviate.  <\/p>\n\n\n\n<p><strong>Anonimizzazione dell&#8217;IP<\/strong><\/p>\n\n\n\n<p>Abbiamo attivato la funzione di anonimizzazione dell\u2019IP su questo sito web. Di conseguenza, il vostro indirizzo IP verr\u00e0 abbreviato da Google all&#8217;interno degli Stati membri dell&#8217;Unione Europea o in altri stati aderenti all&#8217;Accordo sullo Spazio Economico Europeo prima della trasmissione negli Stati Uniti. Solo in casi eccezionali l&#8217;indirizzo IP completo verr\u00e0 trasmesso a un server di Google negli Stati Uniti e abbreviato l\u00ec.  <\/p>\n\n\n\n<p>Google utilizzer\u00e0 queste informazioni per conto dell&#8217;operatore di questo sito web al fine di analizzare l\u2019utilizzo del sito, generare report sulle attivit\u00e0 del sito e fornire altri servizi relativi all&#8217;uso del sito web e di Internet. L&#8217;indirizzo IP trasmesso dal vostro browser nell\u2019ambito di Google Analytics non verr\u00e0 combinato con altri dati di Google. <\/p>\n\n\n\n<p><strong>Plugin del browser<\/strong><\/p>\n\n\n\n<p>Potete impedire la memorizzazione dei cookie modificando le impostazioni del vostro browser. Tuttavia, si prega di notare che in questo caso potreste non essere in grado di utilizzare tutte le funzionalit\u00e0 di questo sito web. <\/p>\n\n\n\n<p>Inoltre, potete impedire la raccolta e il trattamento da parte di Google dei dati generati dai cookie e relativi al vostro utilizzo del sito web (incluso il vostro indirizzo IP) scaricando e installando il plugin del browser disponibile al seguente link:<br><a href=\"https:\/\/tools.google.com\/dlpage\/gaoptout?hl=de\" target=\"_blank\" rel=\"noreferrer noopener\">https:\/\/tools.google.com\/dlpage\/gaoptout?hl=it<\/a><\/p>\n\n\n\n<p><strong>Opposizione alla raccolta dei dati<\/strong><\/p>\n\n\n\n<p>Potete impedire la raccolta dei vostri dati da parte di Google Analytics cliccando sul seguente link. Verr\u00e0 impostato un cookie di opt-out che impedir\u00e0 la raccolta dei vostri dati nelle future visite a questo sito web: <a>Disattivare Google Analytics<\/a> <\/p>\n\n\n\n<p>Per ulteriori informazioni su come Google Analytics gestisce i dati degli utenti, consultate l&#8217;informativa sulla privacy di Google:<br><a href=\"https:\/\/support.google.com\/analytics\/answer\/6004245?hl=de\" target=\"_blank\" rel=\"noreferrer noopener\">https:\/\/support.google.com\/analytics\/answer\/6004245?hl=it<\/a><\/p>\n\n\n\n<h2 class=\"wp-block-heading\">Opposizione alle e-mail pubblicitarie<\/h2>\n\n\n\n<p>L\u2019uso dei dati di contatto pubblicati nell\u2019ambito dell&#8217;obbligo di informazione legale per l\u2019invio di materiale pubblicitario e informativo non espressamente richiesto \u00e8 espressamente vietato. Gli operatori di questo sito si riservano espressamente il diritto di intraprendere azioni legali in caso di invio non richiesto di informazioni pubblicitarie, ad esempio tramite e-mail di spam. <\/p>\n\n\n\n<p>Fonte: <a href=\"https:\/\/www.e-recht24.de\/\">https:\/\/www.e-recht24.de<\/a><\/p>\n\n\n\n<p><\/p>\n","protected":false},"excerpt":{"rendered":"<p>Ragione sociale:AnalyzerPro KG CEO:Florian Kutschat Oggetto sociale:Sviluppo e vendita di software Partita IVA:ATU72981357 Sede legale:1190 ViennaIndirizzo:Pantzergasse 12\/231190 Vienna \u2013 Austria Dati di contatto:Tel.: +43 664 8415352team@analyzerpro.at Titolo professionale:Sviluppo di software per la ricostruzione di incidenti Protezione dei dati Gli operatori di questo sito web prendono molto sul serio la protezione dei vostri dati personali. Trattiamo [&hellip;]<\/p>\n","protected":false},"author":1,"featured_media":0,"parent":0,"menu_order":0,"comment_status":"closed","ping_status":"closed","template":"","meta":{"_acf_changed":false,"_seopress_robots_primary_cat":"","_seopress_titles_title":"","_seopress_titles_desc":"","_seopress_robots_index":"","footnotes":""},"class_list":["post-2436","page","type-page","status-publish","hentry"],"acf":[],"_links":{"self":[{"href":"https:\/\/analyzer.at\/it\/wp-json\/wp\/v2\/pages\/2436","targetHints":{"allow":["GET"]}}],"collection":[{"href":"https:\/\/analyzer.at\/it\/wp-json\/wp\/v2\/pages"}],"about":[{"href":"https:\/\/analyzer.at\/it\/wp-json\/wp\/v2\/types\/page"}],"author":[{"embeddable":true,"href":"https:\/\/analyzer.at\/it\/wp-json\/wp\/v2\/users\/1"}],"replies":[{"embeddable":true,"href":"https:\/\/analyzer.at\/it\/wp-json\/wp\/v2\/comments?post=2436"}],"version-history":[{"count":2,"href":"https:\/\/analyzer.at\/it\/wp-json\/wp\/v2\/pages\/2436\/revisions"}],"predecessor-version":[{"id":2786,"href":"https:\/\/analyzer.at\/it\/wp-json\/wp\/v2\/pages\/2436\/revisions\/2786"}],"wp:attachment":[{"href":"https:\/\/analyzer.at\/it\/wp-json\/wp\/v2\/media?parent=2436"}],"curies":[{"name":"wp","href":"https:\/\/api.w.org\/{rel}","templated":true}]}}