{"id":2431,"date":"2022-01-31T21:37:15","date_gmt":"2022-01-31T21:37:15","guid":{"rendered":"https:\/\/staging.analyzer.at\/mentions-legales\/"},"modified":"2025-12-12T08:12:32","modified_gmt":"2025-12-12T08:12:32","slug":"mentions-legales","status":"publish","type":"page","link":"https:\/\/analyzer.at\/fr\/mentions-legales\/","title":{"rendered":"Mentions l\u00e9gales"},"content":{"rendered":"\n<h4 class=\"wp-block-heading\">Raison sociale :<br>AnalyzerPro KG<\/h4>\n\n\n\n<p>PDG :<br>Florian Kutschat<\/p>\n\n\n\n<p>Objet social :<br>D\u00e9veloppement et vente de logiciels<\/p>\n\n\n\n<p>Num\u00e9ro de TVA :<br>ATU72981357<\/p>\n\n\n\n<p>Si\u00e8ge social :<br>1190 Vienne<br>Adresse :<br>Pantzergasse 12\/23<br>1190 Vienne \u2013 Autriche<\/p>\n\n\n\n<p>Coordonn\u00e9es :<br>T\u00e9l. : +43 6648415352<br>team@analyzerpro.at<\/p>\n\n\n\n<p>Titre professionnel :<br>D\u00e9veloppement de logiciels pour la reconstitution d\u2019accidents<\/p>\n\n\n\n<h3 class=\"wp-block-heading\">Protection des donn\u00e9es<\/h3>\n\n\n\n<p>Les exploitants de ces pages accordent une grande importance \u00e0 la protection de vos donn\u00e9es personnelles. Nous traitons vos donn\u00e9es de mani\u00e8re confidentielle et conform\u00e9ment aux r\u00e9glementations l\u00e9gales sur la protection des donn\u00e9es ainsi qu\u2019\u00e0 la pr\u00e9sente politique de confidentialit\u00e9. <\/p>\n\n\n\n<p>L\u2019utilisation de notre site web est g\u00e9n\u00e9ralement possible sans fournir de donn\u00e9es personnelles. Si des donn\u00e9es personnelles (telles que le nom, l\u2019adresse ou l\u2019adresse e-mail) sont collect\u00e9es sur nos pages, cela se fait toujours sur une base volontaire dans la mesure du possible. Ces donn\u00e9es ne seront pas transmises \u00e0 des tiers sans votre consentement explicite.  <\/p>\n\n\n\n<p>Veuillez noter que la transmission de donn\u00e9es sur Internet (par exemple, lors de communications par e-mail) peut pr\u00e9senter des failles de s\u00e9curit\u00e9. Une protection compl\u00e8te des donn\u00e9es contre l&#8217;acc\u00e8s par des tiers n&#8217;est pas possible. <\/p>\n\n\n\n<h2 class=\"wp-block-heading\">Cookies<\/h2>\n\n\n\n<p>Ce site web utilise des \u00ab cookies \u00bb dans certaines sections. Les cookies ne causent aucun dommage \u00e0 votre ordinateur et ne contiennent pas de virus. Ils contribuent \u00e0 rendre notre site plus convivial, efficace et s\u00e9curis\u00e9. Les cookies sont de petits fichiers texte qui sont enregistr\u00e9s sur votre ordinateur et stock\u00e9s par votre navigateur.   <\/p>\n\n\n\n<p>La plupart des cookies que nous utilisons sont des \u00ab cookies de session \u00bb. Ils sont automatiquement supprim\u00e9s \u00e0 la fin de votre visite. D&#8217;autres cookies restent enregistr\u00e9s sur votre appareil jusqu&#8217;\u00e0 ce que vous les supprimiez. Ces cookies nous permettent de reconna\u00eetre votre navigateur lors de votre prochaine visite.   <\/p>\n\n\n\n<p>Vous pouvez configurer votre navigateur pour \u00eatre inform\u00e9 de l\u2019installation de cookies, autoriser les cookies au cas par cas, exclure leur acceptation dans certains cas ou de mani\u00e8re g\u00e9n\u00e9rale, et activer la suppression automatique des cookies lors de la fermeture du navigateur. La d\u00e9sactivation des cookies peut limiter certaines fonctionnalit\u00e9s de ce site. <\/p>\n\n\n\n<h2 class=\"wp-block-heading\">Formulaire de contact<\/h2>\n\n\n\n<p>Si vous nous adressez des demandes via le formulaire de contact, les informations fournies dans ce formulaire, y compris vos coordonn\u00e9es, seront enregistr\u00e9es afin de traiter votre demande et pour toute question ult\u00e9rieure. Ces donn\u00e9es ne seront pas transmises \u00e0 des tiers sans votre consentement. <\/p>\n\n\n\n<h2 class=\"wp-block-heading\">Google Analytics<\/h2>\n\n\n\n<p>Ce site web utilise les fonctionnalit\u00e9s du service d\u2019analyse web Google Analytics. Le prestataire est Google Inc., 1600 Amphitheatre Parkway, Mountain View, CA 94043, USA. <\/p>\n\n\n\n<p>Google Analytics utilise des \u00ab cookies \u00bb, qui sont des fichiers texte enregistr\u00e9s sur votre ordinateur et permettant d\u2019analyser l\u2019utilisation du site web. Les informations g\u00e9n\u00e9r\u00e9es par ces cookies concernant votre utilisation du site sont g\u00e9n\u00e9ralement transmises \u00e0 un serveur de Google aux \u00c9tats-Unis, o\u00f9 elles sont stock\u00e9es.  <\/p>\n\n\n\n<p><strong>Anonymisation de l\u2019IP<\/strong><\/p>\n\n\n\n<p>Nous avons activ\u00e9 la fonction d\u2019anonymisation de l\u2019IP sur ce site. Ainsi, votre adresse IP est raccourcie par Google au sein des \u00c9tats membres de l\u2019Union europ\u00e9enne ou dans d\u2019autres \u00c9tats signataires de l\u2019Accord sur l\u2019Espace \u00e9conomique europ\u00e9en avant d\u2019\u00eatre transmise aux \u00c9tats-Unis. Ce n\u2019est que dans des cas exceptionnels que l\u2019adresse IP compl\u00e8te sera envoy\u00e9e \u00e0 un serveur de Google aux \u00c9tats-Unis pour y \u00eatre raccourcie.  <\/p>\n\n\n\n<p>Google utilise ces informations pour le compte de l\u2019exploitant du site afin d\u2019analyser l\u2019utilisation du site, de g\u00e9n\u00e9rer des rapports sur l\u2019activit\u00e9 du site et de fournir d\u2019autres services li\u00e9s \u00e0 l\u2019utilisation du site et d\u2019Internet. L\u2019adresse IP transmise par votre navigateur dans le cadre de Google Analytics ne sera pas recoup\u00e9e avec d\u2019autres donn\u00e9es de Google. <\/p>\n\n\n\n<p><strong>Plugin de navigateur<\/strong><\/p>\n\n\n\n<p>Vous pouvez emp\u00eacher l\u2019enregistrement des cookies en modifiant les param\u00e8tres de votre navigateur. Toutefois, veuillez noter que, dans ce cas, certaines fonctionnalit\u00e9s du site pourraient \u00eatre limit\u00e9es. <\/p>\n\n\n\n<p>De plus, vous pouvez emp\u00eacher la collecte et le traitement par Google des donn\u00e9es g\u00e9n\u00e9r\u00e9es par les cookies et li\u00e9es \u00e0 votre utilisation du site (y compris votre adresse IP) en t\u00e9l\u00e9chargeant et en installant le plugin de navigateur disponible au lien suivant :<br><a href=\"https:\/\/tools.google.com\/dlpage\/gaoptout?hl=de\" target=\"_blank\" rel=\"noreferrer noopener\">https:\/\/tools.google.com\/dlpage\/gaoptout?hl=fr<\/a><\/p>\n\n\n\n<p><strong>Objection \u00e0 la collecte de donn\u00e9es<\/strong><\/p>\n\n\n\n<p>Vous pouvez emp\u00eacher Google Analytics de collecter vos donn\u00e9es en cliquant sur le lien suivant. Un cookie d\u2019opt-out sera install\u00e9, emp\u00eachant la collecte de vos donn\u00e9es lors de vos futures visites sur ce site : <a>D\u00e9sactiver Google Analytics<\/a> <\/p>\n\n\n\n<p>Pour plus d\u2019informations sur le traitement des donn\u00e9es des utilisateurs par Google Analytics, veuillez consulter la politique de confidentialit\u00e9 de Google :<br><a href=\"https:\/\/support.google.com\/analytics\/answer\/6004245?hl=de\" target=\"_blank\" rel=\"noreferrer noopener\">https:\/\/support.google.com\/analytics\/answer\/6004245?hl=fr<\/a><\/p>\n\n\n\n<h2 class=\"wp-block-heading\">Objection aux e-mails publicitaires<\/h2>\n\n\n\n<p>L&#8217;utilisation des coordonn\u00e9es publi\u00e9es dans le cadre des obligations l\u00e9gales pour l&#8217;envoi de publicit\u00e9s ou de documents d&#8217;information non sollicit\u00e9s est express\u00e9ment interdite. Les exploitants de ce site se r\u00e9servent le droit d&#8217;engager des poursuites judiciaires en cas d\u2019envoi non sollicit\u00e9 d\u2019informations publicitaires, telles que des e-mails de type spam. <\/p>\n\n\n\n<p>Source : <a href=\"https:\/\/www.e-recht24.de\/\">https:\/\/www.e-recht24.de<\/a><\/p>\n\n\n\n<p><\/p>\n","protected":false},"excerpt":{"rendered":"<p>Raison sociale :AnalyzerPro KG PDG :Florian Kutschat Objet social :D\u00e9veloppement et vente de logiciels Num\u00e9ro de TVA :ATU72981357 Si\u00e8ge social :1190 VienneAdresse :Pantzergasse 12\/231190 Vienne \u2013 Autriche Coordonn\u00e9es :T\u00e9l. : +43 6648415352team@analyzerpro.at Titre professionnel :D\u00e9veloppement de logiciels pour la reconstitution d\u2019accidents Protection des donn\u00e9es Les exploitants de ces pages accordent une grande importance \u00e0 la [&hellip;]<\/p>\n","protected":false},"author":1,"featured_media":0,"parent":0,"menu_order":0,"comment_status":"closed","ping_status":"closed","template":"","meta":{"_acf_changed":false,"_seopress_robots_primary_cat":"","_seopress_titles_title":"","_seopress_titles_desc":"","_seopress_robots_index":"","footnotes":""},"class_list":["post-2431","page","type-page","status-publish","hentry"],"acf":[],"_links":{"self":[{"href":"https:\/\/analyzer.at\/fr\/wp-json\/wp\/v2\/pages\/2431","targetHints":{"allow":["GET"]}}],"collection":[{"href":"https:\/\/analyzer.at\/fr\/wp-json\/wp\/v2\/pages"}],"about":[{"href":"https:\/\/analyzer.at\/fr\/wp-json\/wp\/v2\/types\/page"}],"author":[{"embeddable":true,"href":"https:\/\/analyzer.at\/fr\/wp-json\/wp\/v2\/users\/1"}],"replies":[{"embeddable":true,"href":"https:\/\/analyzer.at\/fr\/wp-json\/wp\/v2\/comments?post=2431"}],"version-history":[{"count":2,"href":"https:\/\/analyzer.at\/fr\/wp-json\/wp\/v2\/pages\/2431\/revisions"}],"predecessor-version":[{"id":2784,"href":"https:\/\/analyzer.at\/fr\/wp-json\/wp\/v2\/pages\/2431\/revisions\/2784"}],"wp:attachment":[{"href":"https:\/\/analyzer.at\/fr\/wp-json\/wp\/v2\/media?parent=2431"}],"curies":[{"name":"wp","href":"https:\/\/api.w.org\/{rel}","templated":true}]}}