{"id":2114,"date":"2025-01-11T22:10:10","date_gmt":"2025-01-11T22:10:10","guid":{"rendered":"https:\/\/staging.analyzer.at\/features\/"},"modified":"2025-03-06T15:31:49","modified_gmt":"2025-03-06T15:31:49","slug":"apercu","status":"publish","type":"page","link":"https:\/\/analyzer.at\/fr\/apercu\/","title":{"rendered":"Aper\u00e7u"},"content":{"rendered":"\n<p>L\u2019essor de la motorisation sert de fondement \u00e0 l\u2019\u00e9conomie d\u2019un pays, favorise l\u2019innovation et la coh\u00e9sion sociale. Malheureusement, ce progr\u00e8s a \u00e9galement son revers : les incidents d\u2019accidents de la route caus\u00e9s par la n\u00e9gligence des conducteurs, les dysfonctionnements m\u00e9caniques ou les probl\u00e8mes de gestion des routes entra\u00eenent des cons\u00e9quences financi\u00e8res et, dans le pire des cas, des victimes humaines. Face \u00e0 ces cons\u00e9quences, une approche scientifique robuste de la reconstruction d\u2019accidents est essentielle. C\u2019est l\u00e0 qu\u2019intervient AnalyzerPro \u2013 la solution essentielle pour la reconstruction d\u2019accidents au 21e si\u00e8cle.<\/p>\n\n\n\n<p><\/p>\n","protected":false},"excerpt":{"rendered":"<p>L\u2019essor de la motorisation sert de fondement \u00e0 l\u2019\u00e9conomie d\u2019un pays, favorise l\u2019innovation et la coh\u00e9sion sociale. Malheureusement, ce progr\u00e8s a \u00e9galement son revers : les incidents d\u2019accidents de la route caus\u00e9s par la n\u00e9gligence des conducteurs, les dysfonctionnements m\u00e9caniques ou les probl\u00e8mes de gestion des routes entra\u00eenent des cons\u00e9quences financi\u00e8res et, dans le pire [&hellip;]<\/p>\n","protected":false},"author":1,"featured_media":0,"parent":0,"menu_order":0,"comment_status":"closed","ping_status":"closed","template":"","meta":{"_acf_changed":false,"_seopress_robots_primary_cat":"","_seopress_titles_title":"","_seopress_titles_desc":"","_seopress_robots_index":"","footnotes":""},"class_list":["post-2114","page","type-page","status-publish","hentry"],"acf":[],"_links":{"self":[{"href":"https:\/\/analyzer.at\/fr\/wp-json\/wp\/v2\/pages\/2114","targetHints":{"allow":["GET"]}}],"collection":[{"href":"https:\/\/analyzer.at\/fr\/wp-json\/wp\/v2\/pages"}],"about":[{"href":"https:\/\/analyzer.at\/fr\/wp-json\/wp\/v2\/types\/page"}],"author":[{"embeddable":true,"href":"https:\/\/analyzer.at\/fr\/wp-json\/wp\/v2\/users\/1"}],"replies":[{"embeddable":true,"href":"https:\/\/analyzer.at\/fr\/wp-json\/wp\/v2\/comments?post=2114"}],"version-history":[{"count":5,"href":"https:\/\/analyzer.at\/fr\/wp-json\/wp\/v2\/pages\/2114\/revisions"}],"predecessor-version":[{"id":2132,"href":"https:\/\/analyzer.at\/fr\/wp-json\/wp\/v2\/pages\/2114\/revisions\/2132"}],"wp:attachment":[{"href":"https:\/\/analyzer.at\/fr\/wp-json\/wp\/v2\/media?parent=2114"}],"curies":[{"name":"wp","href":"https:\/\/api.w.org\/{rel}","templated":true}]}}