{"id":2440,"date":"2022-01-31T21:37:15","date_gmt":"2022-01-31T21:37:15","guid":{"rendered":"https:\/\/staging.analyzer.at\/imprima\/"},"modified":"2025-12-12T08:28:28","modified_gmt":"2025-12-12T08:28:28","slug":"aviso-legal","status":"publish","type":"page","link":"https:\/\/analyzer.at\/es\/aviso-legal\/","title":{"rendered":"Aviso legal"},"content":{"rendered":"\n<h4 class=\"wp-block-heading\">Nombre de la empresa:<br>AnalyzerPro KG<\/h4>\n\n\n\n<p>CEO:<br>Florian Kutschat<\/p>\n\n\n\n<p>Objeto social:<br>Desarrollo y venta de software<\/p>\n\n\n\n<p>N\u00famero de IVA:<br>ATU72981357<\/p>\n\n\n\n<p>Ubicaci\u00f3n:<br>1190 Viena<br>Direcci\u00f3n:<br>Pantzergasse 12\/23<br>1190 Viena \u2013 Austria<\/p>\n\n\n\n<p>Datos de contacto:<br>Tel.: +43 664 8415352<br>team@analyzerpro.at<\/p>\n\n\n\n<p>T\u00edtulo profesional:<br>Desarrollo de software para la reconstrucci\u00f3n de accidentes<\/p>\n\n\n\n<h3 class=\"wp-block-heading\">Protecci\u00f3n de datos<\/h3>\n\n\n\n<p>Los operadores de este sitio web se toman muy en serio la protecci\u00f3n de sus datos personales. Tratamos sus datos de forma confidencial y de acuerdo con las normativas legales de protecci\u00f3n de datos, as\u00ed como con esta pol\u00edtica de privacidad. <\/p>\n\n\n\n<p>El uso de nuestro sitio web es generalmente posible sin proporcionar datos personales. Si en nuestras p\u00e1ginas se recopilan datos personales (como nombre, direcci\u00f3n o correo electr\u00f3nico), esto se hace siempre de forma voluntaria, en la medida de lo posible. Estos datos no se compartir\u00e1n con terceros sin su consentimiento expl\u00edcito.  <\/p>\n\n\n\n<p>Tenga en cuenta que la transmisi\u00f3n de datos por Internet (por ejemplo, en la comunicaci\u00f3n por correo electr\u00f3nico) puede tener vulnerabilidades de seguridad. No es posible garantizar una protecci\u00f3n completa de los datos contra el acceso de terceros. <\/p>\n\n\n\n<h2 class=\"wp-block-heading\">Cookies<\/h2>\n\n\n\n<p>Este sitio web utiliza las llamadas &#8220;cookies&#8221; en algunas \u00e1reas. Las cookies no da\u00f1an su ordenador ni contienen virus. Ayudan a hacer que nuestro sitio web sea m\u00e1s f\u00e1cil de usar, eficiente y seguro. Las cookies son peque\u00f1os archivos de texto que se almacenan en su ordenador y son guardados por su navegador.   <\/p>\n\n\n\n<p>La mayor\u00eda de las cookies que utilizamos son &#8220;cookies de sesi\u00f3n&#8221;, que se eliminan autom\u00e1ticamente al finalizar su visita. Otras cookies permanecen almacenadas en su dispositivo hasta que usted las borre. Estas cookies nos permiten reconocer su navegador en su pr\u00f3xima visita.   <\/p>\n\n\n\n<p>Puede configurar su navegador para que le informe sobre el uso de cookies, permitir cookies solo en casos individuales, excluir su aceptaci\u00f3n en determinados casos o en general, y activar la eliminaci\u00f3n autom\u00e1tica de cookies al cerrar el navegador. Si las cookies est\u00e1n desactivadas, la funcionalidad de este sitio web puede verse limitada. <\/p>\n\n\n\n<h2 class=\"wp-block-heading\">Formulario de contacto<\/h2>\n\n\n\n<p>Si nos env\u00eda consultas a trav\u00e9s del formulario de contacto, la informaci\u00f3n que proporcione en dicho formulario, incluidos sus datos de contacto, se almacenar\u00e1 con el fin de procesar la consulta y en caso de preguntas adicionales. Estos datos no se compartir\u00e1n sin su consentimiento. <\/p>\n\n\n\n<h2 class=\"wp-block-heading\">Google Analytics<\/h2>\n\n\n\n<p>Este sitio web utiliza funciones del servicio de an\u00e1lisis web Google Analytics. El proveedor es Google Inc., 1600 Amphitheatre Parkway, Mountain View, CA 94043, USA. <\/p>\n\n\n\n<p>Google Analytics utiliza &#8220;cookies&#8221;, que son archivos de texto almacenados en su ordenador y que permiten analizar su uso del sitio web. La informaci\u00f3n generada por las cookies sobre su uso del sitio suele transmitirse a un servidor de Google en EE.UU. y almacenarse all\u00ed.  <\/p>\n\n\n\n<p><strong>Anonimizaci\u00f3n de IP<\/strong><\/p>\n\n\n\n<p>Hemos activado la funci\u00f3n de anonimizaci\u00f3n de IP en este sitio web. Como resultado, su direcci\u00f3n IP ser\u00e1 acortada por Google dentro de los estados miembros de la Uni\u00f3n Europea o en otros estados que forman parte del Acuerdo sobre el Espacio Econ\u00f3mico Europeo antes de ser transmitida a EE.UU. Solo en casos excepcionales, la direcci\u00f3n IP completa ser\u00e1 enviada a un servidor de Google en EE.UU. y acortada all\u00ed.  <\/p>\n\n\n\n<p>Google utilizar\u00e1 esta informaci\u00f3n en nombre del operador de este sitio web para analizar su uso del sitio, generar informes sobre la actividad del sitio y proporcionar otros servicios relacionados con el uso del sitio web y de Internet. La direcci\u00f3n IP transmitida por su navegador en el marco de Google Analytics no se combinar\u00e1 con otros datos de Google. <\/p>\n\n\n\n<p><strong>Plugin del navegador<\/strong><\/p>\n\n\n\n<p>Puede evitar el almacenamiento de cookies ajustando la configuraci\u00f3n de su navegador. Sin embargo, tenga en cuenta que en este caso es posible que no pueda utilizar todas las funciones de este sitio web. <\/p>\n\n\n\n<p>Adem\u00e1s, puede evitar que Google recopile y procese los datos generados por las cookies relacionados con su uso del sitio web (incluida su direcci\u00f3n IP) descargando e instalando el plugin del navegador disponible en el siguiente enlace:<br><a href=\"https:\/\/tools.google.com\/dlpage\/gaoptout?hl=de\" target=\"_blank\" rel=\"noreferrer noopener\">https:\/\/tools.google.com\/dlpage\/gaoptout?hl=es<\/a><\/p>\n\n\n\n<p><strong>Oposici\u00f3n a la recopilaci\u00f3n de datos<\/strong><\/p>\n\n\n\n<p>Puede evitar que Google Analytics recopile sus datos haciendo clic en el siguiente enlace. Se establecer\u00e1 una cookie de exclusi\u00f3n (opt-out), que impedir\u00e1 la recopilaci\u00f3n de sus datos en futuras visitas a este sitio web: <a>Desactivar Google Analytics<\/a> <\/p>\n\n\n\n<p>Para obtener m\u00e1s informaci\u00f3n sobre c\u00f3mo Google Analytics gestiona los datos de los usuarios, consulte la pol\u00edtica de privacidad de Google:<br><a href=\"https:\/\/support.google.com\/analytics\/answer\/6004245?hl=de\" target=\"_blank\" rel=\"noreferrer noopener\">https:\/\/support.google.com\/analytics\/answer\/6004245?hl=es<\/a><\/p>\n\n\n\n<h2 class=\"wp-block-heading\">Oposici\u00f3n a correos electr\u00f3nicos publicitarios<\/h2>\n\n\n\n<p>El uso de los datos de contacto publicados en este aviso legal para el env\u00edo de publicidad o material informativo no solicitado est\u00e1 expresamente prohibido. Los operadores de este sitio web se reservan expresamente el derecho de emprender acciones legales en caso de env\u00edo no solicitado de informaci\u00f3n publicitaria, como correos electr\u00f3nicos no deseados (spam). <\/p>\n\n\n\n<p>Fuente: <a href=\"https:\/\/www.e-recht24.de\/\">https:\/\/www.e-recht24.de<\/a><\/p>\n\n\n\n<p><\/p>\n","protected":false},"excerpt":{"rendered":"<p>Nombre de la empresa:AnalyzerPro KG CEO:Florian Kutschat Objeto social:Desarrollo y venta de software N\u00famero de IVA:ATU72981357 Ubicaci\u00f3n:1190 VienaDirecci\u00f3n:Pantzergasse 12\/231190 Viena \u2013 Austria Datos de contacto:Tel.: +43 664 8415352team@analyzerpro.at T\u00edtulo profesional:Desarrollo de software para la reconstrucci\u00f3n de accidentes Protecci\u00f3n de datos Los operadores de este sitio web se toman muy en serio la protecci\u00f3n de sus [&hellip;]<\/p>\n","protected":false},"author":1,"featured_media":0,"parent":0,"menu_order":0,"comment_status":"closed","ping_status":"closed","template":"","meta":{"_acf_changed":false,"_seopress_robots_primary_cat":"","_seopress_titles_title":"","_seopress_titles_desc":"","_seopress_robots_index":"","footnotes":""},"class_list":["post-2440","page","type-page","status-publish","hentry"],"acf":[],"_links":{"self":[{"href":"https:\/\/analyzer.at\/es\/wp-json\/wp\/v2\/pages\/2440","targetHints":{"allow":["GET"]}}],"collection":[{"href":"https:\/\/analyzer.at\/es\/wp-json\/wp\/v2\/pages"}],"about":[{"href":"https:\/\/analyzer.at\/es\/wp-json\/wp\/v2\/types\/page"}],"author":[{"embeddable":true,"href":"https:\/\/analyzer.at\/es\/wp-json\/wp\/v2\/users\/1"}],"replies":[{"embeddable":true,"href":"https:\/\/analyzer.at\/es\/wp-json\/wp\/v2\/comments?post=2440"}],"version-history":[{"count":2,"href":"https:\/\/analyzer.at\/es\/wp-json\/wp\/v2\/pages\/2440\/revisions"}],"predecessor-version":[{"id":2788,"href":"https:\/\/analyzer.at\/es\/wp-json\/wp\/v2\/pages\/2440\/revisions\/2788"}],"wp:attachment":[{"href":"https:\/\/analyzer.at\/es\/wp-json\/wp\/v2\/media?parent=2440"}],"curies":[{"name":"wp","href":"https:\/\/api.w.org\/{rel}","templated":true}]}}