{"id":2117,"date":"2025-01-11T22:10:10","date_gmt":"2025-01-11T22:10:10","guid":{"rendered":"https:\/\/staging.analyzer.at\/features\/"},"modified":"2025-03-06T15:43:25","modified_gmt":"2025-03-06T15:43:25","slug":"funciones","status":"publish","type":"page","link":"https:\/\/analyzer.at\/es\/funciones\/","title":{"rendered":"Funciones"},"content":{"rendered":"\n<p>El auge de la motorizaci\u00f3n act\u00faa como base para la econom\u00eda de un pa\u00eds, fomenta la innovaci\u00f3n y la cohesi\u00f3n social. Lamentablemente, este progreso tambi\u00e9n tiene su lado negativo: los incidentes de accidentes de tr\u00e1fico debido a la negligencia del conductor, fallos mec\u00e1nicos o problemas de gesti\u00f3n vial conllevan consecuencias financieras y, en el peor de los casos, v\u00edctimas humanas. Ante estas consecuencias, un enfoque cient\u00edfico s\u00f3lido para la reconstrucci\u00f3n de accidentes es esencial. Aqu\u00ed es donde entra en juego AnalyzerPro, la soluci\u00f3n esencial para la reconstrucci\u00f3n de accidentes en el siglo XXI.<\/p>\n\n\n\n<p><\/p>\n","protected":false},"excerpt":{"rendered":"<p>El auge de la motorizaci\u00f3n act\u00faa como base para la econom\u00eda de un pa\u00eds, fomenta la innovaci\u00f3n y la cohesi\u00f3n social. Lamentablemente, este progreso tambi\u00e9n tiene su lado negativo: los incidentes de accidentes de tr\u00e1fico debido a la negligencia del conductor, fallos mec\u00e1nicos o problemas de gesti\u00f3n vial conllevan consecuencias financieras y, en el peor [&hellip;]<\/p>\n","protected":false},"author":1,"featured_media":0,"parent":0,"menu_order":0,"comment_status":"closed","ping_status":"closed","template":"","meta":{"_acf_changed":false,"_seopress_robots_primary_cat":"","_seopress_titles_title":"","_seopress_titles_desc":"","_seopress_robots_index":"","footnotes":""},"class_list":["post-2117","page","type-page","status-publish","hentry"],"acf":[],"_links":{"self":[{"href":"https:\/\/analyzer.at\/es\/wp-json\/wp\/v2\/pages\/2117","targetHints":{"allow":["GET"]}}],"collection":[{"href":"https:\/\/analyzer.at\/es\/wp-json\/wp\/v2\/pages"}],"about":[{"href":"https:\/\/analyzer.at\/es\/wp-json\/wp\/v2\/types\/page"}],"author":[{"embeddable":true,"href":"https:\/\/analyzer.at\/es\/wp-json\/wp\/v2\/users\/1"}],"replies":[{"embeddable":true,"href":"https:\/\/analyzer.at\/es\/wp-json\/wp\/v2\/comments?post=2117"}],"version-history":[{"count":6,"href":"https:\/\/analyzer.at\/es\/wp-json\/wp\/v2\/pages\/2117\/revisions"}],"predecessor-version":[{"id":2433,"href":"https:\/\/analyzer.at\/es\/wp-json\/wp\/v2\/pages\/2117\/revisions\/2433"}],"wp:attachment":[{"href":"https:\/\/analyzer.at\/es\/wp-json\/wp\/v2\/media?parent=2117"}],"curies":[{"name":"wp","href":"https:\/\/api.w.org\/{rel}","templated":true}]}}