{"id":2434,"date":"2022-01-31T21:37:15","date_gmt":"2022-01-31T21:37:15","guid":{"rendered":"https:\/\/staging.analyzer.at\/impressum\/"},"modified":"2025-12-12T08:07:57","modified_gmt":"2025-12-12T08:07:57","slug":"impressum","status":"publish","type":"page","link":"https:\/\/analyzer.at\/de\/impressum\/","title":{"rendered":"Impressum"},"content":{"rendered":"\n<h4 class=\"wp-block-heading\">Firmenname:<br>AnalyzerPro KG<\/h4>\n\n\n\n<p>Gesch\u00e4ftsf\u00fchrer:<br>Florian Kutschat<\/p>\n\n\n\n<p>Unternehmensgegenstand:<br>Softwareentwicklung &amp; Vertrieb<\/p>\n\n\n\n<p>Umsatzsteuer-Identifikationsnummer:<br>ATU72981357<\/p>\n\n\n\n<p>Standort:<br>1190 Wien<br>Adresse:<br>Pantzergasse 12\/23<br>1190 Wien \u2013 \u00d6sterreich<\/p>\n\n\n\n<p>Kontaktdaten:<br>Tel.: +43 664 8415352<br>team@analyzerpro.at<\/p>\n\n\n\n<p>Berufsbezeichnung:<br>Softwareentwicklung f\u00fcr Unfallrekonstruktion<\/p>\n\n\n\n<h3 class=\"wp-block-heading\">Datenschutz<\/h3>\n\n\n\n<p>Die Betreiber dieser Seiten nehmen den Schutz Ihrer pers\u00f6nlichen Daten sehr ernst. Wir behandeln Ihre personenbezogenen Daten vertraulich und entsprechend den gesetzlichen Datenschutzvorschriften sowie dieser Datenschutzerkl\u00e4rung. <\/p>\n\n\n\n<p>Die Nutzung unserer Website ist in der Regel ohne Angabe personenbezogener Daten m\u00f6glich. Soweit auf unseren Seiten personenbezogene Daten (wie Name, Adresse oder E-Mail-Adresse) erhoben werden, erfolgt dies \u2013 soweit m\u00f6glich \u2013 stets auf freiwilliger Basis. Diese Daten werden ohne Ihre ausdr\u00fcckliche Zustimmung nicht an Dritte weitergegeben.  <\/p>\n\n\n\n<p>Bitte beachten Sie, dass die Daten\u00fcbertragung im Internet (z. B. bei der Kommunikation per E-Mail) Sicherheitsl\u00fccken aufweisen kann. Ein vollst\u00e4ndiger Schutz der Daten vor dem Zugriff Dritter ist nicht m\u00f6glich. <\/p>\n\n\n\n<h2 class=\"wp-block-heading\">Cookies<\/h2>\n\n\n\n<p>Diese Website verwendet in einigen Bereichen sogenannte Cookies. Cookies richten auf Ihrem Computer keinen Schaden an und enthalten keine Viren. Sie tragen dazu bei, unsere Website benutzerfreundlicher, effizienter und sicherer zu machen. Cookies sind kleine Textdateien, die auf Ihrem Computer gespeichert und von Ihrem Browser verwaltet werden.   <\/p>\n\n\n\n<p>Die meisten der von uns verwendeten Cookies sind sogenannte \u201eSession-Cookies\u201c. Sie werden automatisch gel\u00f6scht, sobald Sie unsere Website verlassen. Andere Cookies bleiben auf Ihrem Ger\u00e4t gespeichert, bis Sie diese l\u00f6schen. Diese Cookies erm\u00f6glichen es uns, Ihren Browser bei Ihrem n\u00e4chsten Besuch wiederzuerkennen.   <\/p>\n\n\n\n<p>Sie k\u00f6nnen Ihren Browser so konfigurieren, dass Sie \u00fcber das Setzen von Cookies informiert werden, Cookies nur im Einzelfall erlauben, die Annahme von Cookies f\u00fcr bestimmte F\u00e4lle oder generell ausschlie\u00dfen sowie das automatische L\u00f6schen der Cookies beim Schlie\u00dfen des Browsers aktivieren. Wenn Cookies deaktiviert werden, kann die Funktionalit\u00e4t dieser Website eingeschr\u00e4nkt sein. <\/p>\n\n\n\n<h2 class=\"wp-block-heading\">Kontaktformular<\/h2>\n\n\n\n<p>Wenn Sie uns \u00fcber das Kontaktformular Anfragen senden, werden die von Ihnen im Formular eingegebenen Informationen einschlie\u00dflich Ihrer Kontaktdaten bei uns gespeichert, um Ihre Anfrage zu bearbeiten und f\u00fcr den Fall von Anschlussfragen. Diese Daten geben wir nicht ohne Ihre Zustimmung weiter. <\/p>\n\n\n\n<h2 class=\"wp-block-heading\">Google Analytics<\/h2>\n\n\n\n<p>Diese Website nutzt Funktionen des Webanalysedienstes Google Analytics. Anbieter ist Google Inc., 1600 Amphitheatre Parkway, Mountain View, CA 94043, USA. <\/p>\n\n\n\n<p>Google Analytics verwendet sogenannte \u201eCookies\u201c. Das sind Textdateien, die auf Ihrem Computer gespeichert werden und eine Analyse Ihrer Nutzung der Website erm\u00f6glichen. Die durch den Cookie erzeugten Informationen \u00fcber Ihre Nutzung dieser Website werden in der Regel an einen Server von Google in den USA \u00fcbertragen und dort gespeichert.  <\/p>\n\n\n\n<p><strong>IP-Anonymisierung<\/strong><\/p>\n\n\n\n<p>Wir haben auf dieser Website die Funktion zur IP-Anonymisierung aktiviert. Dadurch wird Ihre IP-Adresse von Google innerhalb von Mitgliedstaaten der Europ\u00e4ischen Union oder in anderen Vertragsstaaten des Abkommens \u00fcber den Europ\u00e4ischen Wirtschaftsraum vor der \u00dcbertragung in die USA gek\u00fcrzt. Nur in Ausnahmef\u00e4llen wird die vollst\u00e4ndige IP-Adresse an einen Google-Server in den USA \u00fcbertragen und dort gek\u00fcrzt.  <\/p>\n\n\n\n<p>Im Auftrag des Betreibers dieser Website wird Google diese Informationen nutzen, um Ihre Nutzung der Website auszuwerten, Berichte \u00fcber die Website-Aktivit\u00e4ten zu erstellen und weitere mit der Website- und Internetnutzung verbundene Dienstleistungen gegen\u00fcber dem Website-Betreiber zu erbringen. Die im Rahmen von Google Analytics von Ihrem Browser \u00fcbermittelte IP-Adresse wird nicht mit anderen Daten von Google zusammengef\u00fchrt. <\/p>\n\n\n\n<p><strong>Browser-Plugin<\/strong><\/p>\n\n\n\n<p>Sie k\u00f6nnen die Speicherung von Cookies durch eine entsprechende Einstellung in Ihrer Browser-Software verhindern. Bitte beachten Sie jedoch, dass in diesem Fall m\u00f6glicherweise nicht alle Funktionen dieser Website vollst\u00e4ndig genutzt werden k\u00f6nnen. <\/p>\n\n\n\n<p>Dar\u00fcber hinaus k\u00f6nnen Sie die Erfassung und Verarbeitung der durch den Cookie erzeugten Daten, die sich auf Ihre Nutzung der Website beziehen (einschlie\u00dflich Ihrer IP-Adresse), durch Google verhindern, indem Sie das unter folgendem Link verf\u00fcgbare Browser-Plugin herunterladen und installieren:<br><a href=\"https:\/\/tools.google.com\/dlpage\/gaoptout?hl=de\" target=\"_blank\" rel=\"noreferrer noopener\">https:\/\/tools.google.com\/dlpage\/gaoptout?hl=de<\/a><\/p>\n\n\n\n<p><strong>Widerspruch gegen die Datenerfassung<\/strong><\/p>\n\n\n\n<p>Sie k\u00f6nnen verhindern, dass Google Analytics Ihre Daten erfasst, indem Sie auf den folgenden Link klicken. Es wird ein Opt-out-Cookie gesetzt, das die Erfassung Ihrer Daten bei zuk\u00fcnftigen Besuchen dieser Website verhindert: <a>Google Analytics deaktivieren<\/a> <\/p>\n\n\n\n<p>F\u00fcr weitere Informationen dar\u00fcber, wie Google Analytics mit Nutzerdaten umgeht, besuchen Sie bitte die Datenschutzerkl\u00e4rung von Google:<br><a href=\"https:\/\/support.google.com\/analytics\/answer\/6004245?hl=de\" target=\"_blank\" rel=\"noreferrer noopener\">https:\/\/support.google.com\/analytics\/answer\/6004245?hl=de<\/a><\/p>\n\n\n\n<h2 class=\"wp-block-heading\">Widerspruch gegen Werbe-E-Mails<\/h2>\n\n\n\n<p>Der Nutzung der im Rahmen der Impressumspflicht ver\u00f6ffentlichten Kontaktdaten zur \u00dcbersendung von nicht ausdr\u00fccklich angeforderter Werbung und Informationsmaterialien wird hiermit widersprochen. Die Betreiber dieser Website behalten sich ausdr\u00fccklich rechtliche Schritte im Falle der unverlangten Zusendung von Werbeinformationen, etwa durch Spam-E-Mails, vor. <\/p>\n\n\n\n<p>Quelle: <a href=\"https:\/\/www.e-recht24.de\/\">https:\/\/www.e-recht24.de<\/a><\/p>\n\n\n\n<p><\/p>\n","protected":false},"excerpt":{"rendered":"<p>Firmenname:AnalyzerPro KG Gesch\u00e4ftsf\u00fchrer:Florian Kutschat Unternehmensgegenstand:Softwareentwicklung &amp; Vertrieb Umsatzsteuer-Identifikationsnummer:ATU72981357 Standort:1190 WienAdresse:Pantzergasse 12\/231190 Wien \u2013 \u00d6sterreich Kontaktdaten:Tel.: +43 664 8415352team@analyzerpro.at Berufsbezeichnung:Softwareentwicklung f\u00fcr Unfallrekonstruktion Datenschutz Die Betreiber dieser Seiten nehmen den Schutz Ihrer pers\u00f6nlichen Daten sehr ernst. Wir behandeln Ihre personenbezogenen Daten vertraulich und entsprechend den gesetzlichen Datenschutzvorschriften sowie dieser Datenschutzerkl\u00e4rung. Die Nutzung unserer Website ist in der [&hellip;]<\/p>\n","protected":false},"author":1,"featured_media":0,"parent":0,"menu_order":0,"comment_status":"closed","ping_status":"closed","template":"","meta":{"_acf_changed":false,"_seopress_robots_primary_cat":"","_seopress_titles_title":"","_seopress_titles_desc":"","_seopress_robots_index":"","footnotes":""},"class_list":["post-2434","page","type-page","status-publish","hentry"],"acf":[],"_links":{"self":[{"href":"https:\/\/analyzer.at\/de\/wp-json\/wp\/v2\/pages\/2434","targetHints":{"allow":["GET"]}}],"collection":[{"href":"https:\/\/analyzer.at\/de\/wp-json\/wp\/v2\/pages"}],"about":[{"href":"https:\/\/analyzer.at\/de\/wp-json\/wp\/v2\/types\/page"}],"author":[{"embeddable":true,"href":"https:\/\/analyzer.at\/de\/wp-json\/wp\/v2\/users\/1"}],"replies":[{"embeddable":true,"href":"https:\/\/analyzer.at\/de\/wp-json\/wp\/v2\/comments?post=2434"}],"version-history":[{"count":3,"href":"https:\/\/analyzer.at\/de\/wp-json\/wp\/v2\/pages\/2434\/revisions"}],"predecessor-version":[{"id":2783,"href":"https:\/\/analyzer.at\/de\/wp-json\/wp\/v2\/pages\/2434\/revisions\/2783"}],"wp:attachment":[{"href":"https:\/\/analyzer.at\/de\/wp-json\/wp\/v2\/media?parent=2434"}],"curies":[{"name":"wp","href":"https:\/\/api.w.org\/{rel}","templated":true}]}}