{"id":1165,"date":"2025-01-11T22:10:10","date_gmt":"2025-01-11T22:10:10","guid":{"rendered":"https:\/\/staging.analyzer.at\/web\/funktionen\/"},"modified":"2025-01-12T18:09:21","modified_gmt":"2025-01-12T18:09:21","slug":"funktionen","status":"publish","type":"page","link":"https:\/\/analyzer.at\/de\/funktionen\/","title":{"rendered":"Funktionen"},"content":{"rendered":"\n<p>Der Aufschwung der Motorisierung fungiert als Grundstein f\u00fcr die Wirtschaft eines Landes, f\u00f6rdert Innovation und gesellschaftlichen Zusammenhalt. Leider bringt dieser Fortschritt auch seine Kehrseite mit sich: Vorf\u00e4lle von Stra\u00dfenunf\u00e4llen aufgrund von Fahrer-Nachl\u00e4ssigkeit, mechanischen Fehlfunktionen oder Stra\u00dfenmanagement-Problemen ziehen finanzielle Folgen und im schlimmsten Fall menschliche Opfer nach sich. In Anbetracht dieser Konsequenzen wird ein robuster wissenschaftlicher Ansatz zur Unfallrekonstruktion unerl\u00e4sslich. Hier kommt AnalyzerPro ins Spiel \u2014 die essenzielle L\u00f6sung f\u00fcr die Unfallrekonstruktion im 21. Jahrhundert.   <\/p>\n\n<p><\/p>\n","protected":false},"excerpt":{"rendered":"<p>Der Aufschwung der Motorisierung fungiert als Grundstein f\u00fcr die Wirtschaft eines Landes, f\u00f6rdert Innovation und gesellschaftlichen Zusammenhalt. Leider bringt dieser Fortschritt auch seine Kehrseite mit sich: Vorf\u00e4lle von Stra\u00dfenunf\u00e4llen aufgrund von Fahrer-Nachl\u00e4ssigkeit, mechanischen Fehlfunktionen oder Stra\u00dfenmanagement-Problemen ziehen finanzielle Folgen und im schlimmsten Fall menschliche Opfer nach sich. In Anbetracht dieser Konsequenzen wird ein robuster wissenschaftlicher [&hellip;]<\/p>\n","protected":false},"author":1,"featured_media":0,"parent":0,"menu_order":0,"comment_status":"closed","ping_status":"closed","template":"","meta":{"_acf_changed":false,"_seopress_robots_primary_cat":"","_seopress_titles_title":"","_seopress_titles_desc":"","_seopress_robots_index":"","footnotes":""},"class_list":["post-1165","page","type-page","status-publish","hentry"],"acf":[],"_links":{"self":[{"href":"https:\/\/analyzer.at\/de\/wp-json\/wp\/v2\/pages\/1165","targetHints":{"allow":["GET"]}}],"collection":[{"href":"https:\/\/analyzer.at\/de\/wp-json\/wp\/v2\/pages"}],"about":[{"href":"https:\/\/analyzer.at\/de\/wp-json\/wp\/v2\/types\/page"}],"author":[{"embeddable":true,"href":"https:\/\/analyzer.at\/de\/wp-json\/wp\/v2\/users\/1"}],"replies":[{"embeddable":true,"href":"https:\/\/analyzer.at\/de\/wp-json\/wp\/v2\/comments?post=1165"}],"version-history":[{"count":2,"href":"https:\/\/analyzer.at\/de\/wp-json\/wp\/v2\/pages\/1165\/revisions"}],"predecessor-version":[{"id":1168,"href":"https:\/\/analyzer.at\/de\/wp-json\/wp\/v2\/pages\/1165\/revisions\/1168"}],"wp:attachment":[{"href":"https:\/\/analyzer.at\/de\/wp-json\/wp\/v2\/media?parent=1165"}],"curies":[{"name":"wp","href":"https:\/\/api.w.org\/{rel}","templated":true}]}}